{"id":611,"date":"2015-09-21T17:28:53","date_gmt":"2015-09-21T17:28:53","guid":{"rendered":"https:\/\/avada.theme-fusion.com\/church\/?page_id=611"},"modified":"2024-09-08T04:30:05","modified_gmt":"2024-09-08T08:30:05","slug":"our-beliefs","status":"publish","type":"page","link":"https:\/\/wushuontario.ca\/?page_id=611","title":{"rendered":"Taolu"},"content":{"rendered":"<p><div class=\"fusion-fullwidth fullwidth-box fusion-builder-row-1 nonhundred-percent-fullwidth non-hundred-percent-height-scrolling\" style=\"--awb-background-position:left top;--awb-border-sizes-top:0px;--awb-border-sizes-bottom:0px;--awb-border-sizes-left:0px;--awb-border-sizes-right:0px;--awb-border-radius-top-left:0px;--awb-border-radius-top-right:0px;--awb-border-radius-bottom-right:0px;--awb-border-radius-bottom-left:0px;--awb-flex-wrap:wrap;\" ><div class=\"fusion-builder-row fusion-row\"><div class=\"fusion-layout-column fusion_builder_column fusion-builder-column-0 fusion_builder_column_1_1 1_1 fusion-one-full fusion-column-first fusion-column-last fusion-column-no-min-height\" style=\"--awb-bg-size:cover;\"><div class=\"fusion-column-wrapper fusion-flex-column-wrapper-legacy\"><div class=\"fusion-text fusion-text-1\"><h2>(Chinese: \u5957\u8def; pinyin: t\u00e0o l\u00f9; \u201cRoutine\u201d)<\/h2>\n<p>Taolu is a routine based competition that challenges the agility of individual athletes based on their ability to execute a series of high flying martial arts maneuvers and techniques both with and without the use of traditional Chinese weaponry such as swords and spears.<\/p>\n<p>Athletes are judged using an internationally adapted set of standards on their technical, expressive and difficulty merits by a panel of specially selected judges. The routines can be choreographed to highlight the competitor\u2019s strengths and have time limits that are typically 1 minute and 20 seconds for most events.<\/p>\n<p>Taolu is considered as the non-combative performance based component of Wushu. Throughout the history of the Chinese Martial Arts, there may be several hundred, if not thousands of differing styles and schools of martial arts. Commonly known as \u201cKung Fu\u201d, these varying styles are based on traditional animals, geography and historical factors that influenced their creation.<\/p>\n<p>Taolu or routine training is considered by m\u00ad\u00ad\u00ad\u00adany to be one of the most important practices in Chinese martial arts. Traditionally, they played a smaller role in training combat application, and were eclipsed by sparring, drilling and conditioning. Taolu routines gradually build up a practitioner\u2019s flexibility, internal and external strength, speed and stamina, and teach balance and coordination without the necessity of actual combat. Many styles in the rich traditions of Chinese Kung Fu contain Taolu routines using a wide range of weapons of various length and type, utilizing one or two hands. There are also styles which focus on a certain type of weapon. Taolu routines are meant to be practical, usable, and applicable as well as promoting agility, flow, meditation, flexibility, balance and coordination. Teachers and coaches are often heard to say \u201ctrain your routine as if you were in combat and apply your skill as if it were a routine.\u201d<\/p>\n<\/div><div class=\"fusion-clearfix\"><\/div><\/div><\/div><\/div><\/div><div class=\"fusion-fullwidth fullwidth-box fusion-builder-row-2 nonhundred-percent-fullwidth non-hundred-percent-height-scrolling\" style=\"--awb-border-radius-top-left:0px;--awb-border-radius-top-right:0px;--awb-border-radius-bottom-right:0px;--awb-border-radius-bottom-left:0px;--awb-padding-top:20px;--awb-padding-bottom:20px;--awb-flex-wrap:wrap;\" ><div class=\"fusion-builder-row fusion-row\"><div class=\"fusion-layout-column fusion_builder_column fusion-builder-column-1 fusion_builder_column_1_1 1_1 fusion-one-full fusion-column-first fusion-column-last\" style=\"--awb-bg-size:cover;\"><div class=\"fusion-column-wrapper fusion-flex-column-wrapper-legacy\"><div class=\"fusion-text fusion-text-2\"><h2>TAOLU EVENT\u00a0CATEGORIES<\/h2>\n<p>As a competitive sport, the governing bodies in China have highlighted the traditions of the most popular styles to create the modern competitive format of Wushu to which we see and practice today. Under the governance of the International Wushu Federation (IWuF) there are eleven (11) standard competition events in Taolu that each provide a unique style and combined series of predetermined movements. These events are separated into (4) categories of competition in which athletes may specialize, namely:<\/p>\n<\/div><div class=\"fusion-clearfix\"><\/div><\/div><\/div><div class=\"fusion-layout-column fusion_builder_column fusion-builder-column-2 fusion_builder_column_1_4 1_4 fusion-one-fourth fusion-column-first\" style=\"--awb-bg-size:cover;width:25%;width:calc(25% - ( ( 4% ) * 0.25 ) );margin-right: 4%;\"><div class=\"fusion-column-wrapper fusion-flex-column-wrapper-legacy\"><div class=\"fusion-image-element in-legacy-container\" style=\"--awb-caption-title-font-family:var(--h2_typography-font-family);--awb-caption-title-font-weight:var(--h2_typography-font-weight);--awb-caption-title-font-style:var(--h2_typography-font-style);--awb-caption-title-size:var(--h2_typography-font-size);--awb-caption-title-transform:var(--h2_typography-text-transform);--awb-caption-title-line-height:var(--h2_typography-line-height);--awb-caption-title-letter-spacing:var(--h2_typography-letter-spacing);\"><span class=\" fusion-imageframe imageframe-none imageframe-1 hover-type-none\"><img decoding=\"async\" width=\"800\" height=\"550\" title=\"WomensChangQuan\" src=\"https:\/\/wushuontario.ca\/wp-content\/uploads\/2015\/05\/WomensChangQuan.jpg\" alt class=\"img-responsive wp-image-1831\" srcset=\"https:\/\/wushuontario.ca\/wp-content\/uploads\/2015\/05\/WomensChangQuan-200x138.jpg 200w, https:\/\/wushuontario.ca\/wp-content\/uploads\/2015\/05\/WomensChangQuan-400x275.jpg 400w, https:\/\/wushuontario.ca\/wp-content\/uploads\/2015\/05\/WomensChangQuan-600x413.jpg 600w, https:\/\/wushuontario.ca\/wp-content\/uploads\/2015\/05\/WomensChangQuan.jpg 800w\" sizes=\"(max-width: 800px) 100vw, 400px\" \/><\/span><\/div><div class=\"fusion-clearfix\"><\/div><\/div><\/div><div class=\"fusion-layout-column fusion_builder_column fusion-builder-column-3 fusion_builder_column_3_4 3_4 fusion-three-fourth fusion-column-last\" style=\"--awb-bg-size:cover;width:75%;width:calc(75% - ( ( 4% ) * 0.75 ) );\"><div class=\"fusion-column-wrapper fusion-flex-column-wrapper-legacy\"><div class=\"fusion-text fusion-text-3\"><h2>BAREHAND EVENTS<\/h2>\n<p><i><span lang=\"zh-Latn-pinyin\" xml:lang=\"zh-Latn-pinyin\">Ch\u00e1ngqu\u00e1n<\/span><\/i> \u9577\u62f3 (Northern Long Fist) features open postures, a wide range of punching, kicking and breathtaking acrobatics.<\/p>\n<p><i><span lang=\"zh-Latn-pinyin\" xml:lang=\"zh-Latn-pinyin\">N\u00e1nqu\u00e1n\u00a0<\/span><\/i>\u5357\u62f3 (Southern Fist) features lower stances with fewer leg techniques and a focus on short, powerful arm strikes often with vocal accompaniment.<\/p>\n<p><i>T\u00e0ij\u00edqu\u00e1n<\/i> <span lang=\"zh\" xml:lang=\"zh\">\u592a\u6975\u62f3 (Tai Chi) is an &#8220;internal&#8221; Chinese Martial Art, which is performed slowly and calmly, yet has powerful explosive techniques as well.<\/span><\/p>\n<\/div><div class=\"fusion-clearfix\"><\/div><\/div><\/div><div class=\"fusion-layout-column fusion_builder_column fusion-builder-column-4 fusion_builder_column_3_4 3_4 fusion-three-fourth fusion-column-first\" style=\"--awb-bg-size:cover;width:75%;width:calc(75% - ( ( 4% ) * 0.75 ) );margin-right: 4%;\"><div class=\"fusion-column-wrapper fusion-flex-column-wrapper-legacy\"><div class=\"fusion-text fusion-text-4\"><h2><\/h2>\n<h2>SHORT WEAPONRY EVENTS<\/h2>\n<p>Daoshu \u5200\u672f (Broadsword) is a vigorous northern sword event, featuring ferocity and power.<\/p>\n<p>Jianshu \u5251\u672f (Straightsword) features a nimble, graceful and swift northern sword (double edged).<\/p>\n<p>Nandao \u5357\u5200 (Southern Broadsword) uses a broadsword with southern stylistic principles.<\/p>\n<p>Taijijian \u592a\u6781\u5251 (Tai Chi Straightsword) consists of a straightsword performed with Taijiquan principles.<\/p>\n<\/div><div class=\"fusion-clearfix\"><\/div><\/div><\/div><div class=\"fusion-layout-column fusion_builder_column fusion-builder-column-5 fusion_builder_column_1_4 1_4 fusion-one-fourth fusion-column-last\" style=\"--awb-bg-size:cover;width:25%;width:calc(25% - ( ( 4% ) * 0.25 ) );\"><div class=\"fusion-column-wrapper fusion-flex-column-wrapper-legacy\"><div class=\"fusion-image-element fusion-image-align-right in-legacy-container\" style=\"text-align:right;--awb-caption-title-font-family:var(--h2_typography-font-family);--awb-caption-title-font-weight:var(--h2_typography-font-weight);--awb-caption-title-font-style:var(--h2_typography-font-style);--awb-caption-title-size:var(--h2_typography-font-size);--awb-caption-title-transform:var(--h2_typography-text-transform);--awb-caption-title-line-height:var(--h2_typography-line-height);--awb-caption-title-letter-spacing:var(--h2_typography-letter-spacing);\"><span class=\" fusion-imageframe imageframe-none imageframe-2 hover-type-none\" style=\"margin-left:25px;float:right;\"><img decoding=\"async\" width=\"594\" height=\"396\" title=\"63034_1367073111421_1669470057_844801_1694063_n\" src=\"https:\/\/wushuontario.ca\/wp-content\/uploads\/2015\/05\/63034_1367073111421_1669470057_844801_1694063_n.jpg\" alt class=\"img-responsive wp-image-1827\" srcset=\"https:\/\/wushuontario.ca\/wp-content\/uploads\/2015\/05\/63034_1367073111421_1669470057_844801_1694063_n-200x133.jpg 200w, https:\/\/wushuontario.ca\/wp-content\/uploads\/2015\/05\/63034_1367073111421_1669470057_844801_1694063_n-400x267.jpg 400w, https:\/\/wushuontario.ca\/wp-content\/uploads\/2015\/05\/63034_1367073111421_1669470057_844801_1694063_n.jpg 594w\" sizes=\"(max-width: 800px) 100vw, 400px\" \/><\/span><\/div><div class=\"fusion-clearfix\"><\/div><\/div><\/div><div class=\"fusion-layout-column fusion_builder_column fusion-builder-column-6 fusion_builder_column_1_4 1_4 fusion-one-fourth fusion-column-first\" style=\"--awb-bg-size:cover;width:25%;width:calc(25% - ( ( 4% ) * 0.25 ) );margin-right: 4%;\"><div class=\"fusion-column-wrapper fusion-flex-column-wrapper-legacy\"><div class=\"fusion-image-element in-legacy-container\" style=\"--awb-caption-title-font-family:var(--h2_typography-font-family);--awb-caption-title-font-weight:var(--h2_typography-font-weight);--awb-caption-title-font-style:var(--h2_typography-font-style);--awb-caption-title-size:var(--h2_typography-font-size);--awb-caption-title-transform:var(--h2_typography-text-transform);--awb-caption-title-line-height:var(--h2_typography-line-height);--awb-caption-title-letter-spacing:var(--h2_typography-letter-spacing);\"><span class=\" fusion-imageframe imageframe-none imageframe-3 hover-type-none\"><img decoding=\"async\" width=\"800\" height=\"539\" title=\"MensGunshu\" src=\"https:\/\/wushuontario.ca\/wp-content\/uploads\/2015\/05\/MensGunshu.jpg\" alt class=\"img-responsive wp-image-1829\" srcset=\"https:\/\/wushuontario.ca\/wp-content\/uploads\/2015\/05\/MensGunshu-200x135.jpg 200w, https:\/\/wushuontario.ca\/wp-content\/uploads\/2015\/05\/MensGunshu-400x270.jpg 400w, https:\/\/wushuontario.ca\/wp-content\/uploads\/2015\/05\/MensGunshu-600x404.jpg 600w, https:\/\/wushuontario.ca\/wp-content\/uploads\/2015\/05\/MensGunshu.jpg 800w\" sizes=\"(max-width: 800px) 100vw, 400px\" \/><\/span><\/div><div class=\"fusion-clearfix\"><\/div><\/div><\/div><div class=\"fusion-layout-column fusion_builder_column fusion-builder-column-7 fusion_builder_column_3_4 3_4 fusion-three-fourth fusion-column-last\" style=\"--awb-bg-size:cover;width:75%;width:calc(75% - ( ( 4% ) * 0.75 ) );\"><div class=\"fusion-column-wrapper fusion-flex-column-wrapper-legacy\"><div class=\"fusion-text fusion-text-5\"><h2>LONG WEAPONRY EVENTS<\/h2>\n<p>Gunshu \u68cd\u672f (Cudgel) is a Northern Cudgel featuring high speed wide ranging techniques.<\/p>\n<p>Qiangshu \u67aa\u672f (Spear) is a long weapon featuring precise and intricate techniques.<\/p>\n<p>Nangun \u5357\u68cd (Southern Cudgel) features a Cudgel performed with Southern stylistic principles.<\/p>\n<\/div><div class=\"fusion-clearfix\"><\/div><\/div><\/div><div class=\"fusion-layout-column fusion_builder_column fusion-builder-column-8 fusion_builder_column_1_1 1_1 fusion-one-full fusion-column-first fusion-column-last\" style=\"--awb-bg-size:cover;\"><div class=\"fusion-column-wrapper fusion-flex-column-wrapper-legacy\"><div class=\"fusion-sep-clear\"><\/div><div class=\"fusion-separator fusion-full-width-sep\" style=\"margin-left: auto;margin-right: auto;margin-top:20px;margin-bottom:20px;width:100%;\"><\/div><div class=\"fusion-sep-clear\"><\/div><div class=\"fusion-clearfix\"><\/div><\/div><\/div><div class=\"fusion-layout-column fusion_builder_column fusion-builder-column-9 fusion_builder_column_1_1 1_1 fusion-one-full fusion-column-first fusion-column-last\" style=\"--awb-bg-size:cover;\"><div class=\"fusion-column-wrapper fusion-flex-column-wrapper-legacy\"><div class=\"fusion-text fusion-text-6\"><h2 style=\"background: white; margin: 0cm 0cm 15.0pt 0cm;\">TAOLU ROUTINE FLOORING &amp; JUDGING<\/h2>\n<p style=\"background: white; margin: 0cm 0cm 15.0pt 0cm;\"><span style=\"font-size: 11.5pt; font-family: 'Open Sans'; color: #747474;\">Competition floors for Taolu athletes are used at all International events spanning 46\u2019 x 26\u2019. The floor is carpeted with a 6\u2019 safety area and is comprised of a cushioned raised platform to provide athletes stability and landing support. Three types of Judges (A, B and C) are trained to observer and score the athlete based on the 3 required elements of Taolu with a final score out of 10 provided after the completion of each routine. &#8220;A&#8221; judges provide a TECHNICAL score out of 5.0 and are responsible to deduct errors on movements and technical requirements which may include stances, balances, hand or weaponry gestures. \u00a0&#8220;B&#8221; judges provide a &#8220;OVERALL IMPRESSION&#8221; score out of either 5.0 or 3.0 dependent on whether a &#8220;C&#8221; judge is in\u00a0use. \u00a0The &#8220;B&#8221; judge scores an athlete on merits such as speed, expression, striking power and rhythm or dynamics of a routine. \u00a0In senior level competition a &#8220;C&#8221; judge is used who&#8217;s duty is to determine whether an athlete&#8217;s &#8220;DIFFICULTY&#8221;\u00a0components meet the required standards. \u00a0The &#8220;C&#8221; judge provides a yes or no completion to each difficulty component that is included in an athletes routine to a maximum of 2.0 point value. In junior level, open, traditional, and tai chi competition, typical judging panels consist of only A and B class judges.<\/span><\/p>\n<\/div><div class=\"fusion-button-wrapper fusion-align-block\"><a class=\"fusion-button button-flat fusion-button-default-size button-default fusion-button-default button-1 fusion-button-default-span fusion-button-default-type\" target=\"_self\" title=\"Videos\" aria-label=\"Videos\" href=\"http:\/\/wushuontario.ca\/?page_id=2195\"><span class=\"fusion-button-text awb-button__text awb-button__text--default\">Wushu Taolu Program Media<\/span><\/a><\/div><div class=\"fusion-image-element fusion-image-align-center in-legacy-container\" style=\"text-align:center;--awb-liftup-border-radius:0px;--awb-caption-title-font-family:var(--h2_typography-font-family);--awb-caption-title-font-weight:var(--h2_typography-font-weight);--awb-caption-title-font-style:var(--h2_typography-font-style);--awb-caption-title-size:var(--h2_typography-font-size);--awb-caption-title-transform:var(--h2_typography-text-transform);--awb-caption-title-line-height:var(--h2_typography-line-height);--awb-caption-title-letter-spacing:var(--h2_typography-letter-spacing);\"><div class=\"imageframe-align-center\"><div class=\"awb-image-frame awb-image-frame-4 imageframe-liftup\"><span class=\" fusion-imageframe imageframe-none imageframe-4\"><a class=\"fusion-no-lightbox\" href=\"http:\/\/wushuontario.ca\/?page_id=2195\" target=\"_self\" aria-label=\"image_wushu_athlete_10thwwc\"><img decoding=\"async\" width=\"920\" height=\"420\" src=\"http:\/\/wushuontario.ca\/wp-content\/uploads\/2017\/11\/image_wushu_athlete_10thwwc.jpg\" alt class=\"img-responsive wp-image-2197\" srcset=\"https:\/\/wushuontario.ca\/wp-content\/uploads\/2017\/11\/image_wushu_athlete_10thwwc-200x91.jpg 200w, https:\/\/wushuontario.ca\/wp-content\/uploads\/2017\/11\/image_wushu_athlete_10thwwc-400x183.jpg 400w, https:\/\/wushuontario.ca\/wp-content\/uploads\/2017\/11\/image_wushu_athlete_10thwwc-600x274.jpg 600w, https:\/\/wushuontario.ca\/wp-content\/uploads\/2017\/11\/image_wushu_athlete_10thwwc-800x365.jpg 800w, https:\/\/wushuontario.ca\/wp-content\/uploads\/2017\/11\/image_wushu_athlete_10thwwc.jpg 920w\" sizes=\"(max-width: 800px) 100vw, 920px\" \/><\/a><\/span><\/div><\/div><\/div><div class=\"fusion-clearfix\"><\/div><\/div><\/div><\/div><\/div><\/p>\n","protected":false},"excerpt":{"rendered":"","protected":false},"author":1,"featured_media":0,"parent":0,"menu_order":0,"comment_status":"closed","ping_status":"closed","template":"","meta":{"footnotes":""},"_links":{"self":[{"href":"https:\/\/wushuontario.ca\/index.php?rest_route=\/wp\/v2\/pages\/611"}],"collection":[{"href":"https:\/\/wushuontario.ca\/index.php?rest_route=\/wp\/v2\/pages"}],"about":[{"href":"https:\/\/wushuontario.ca\/index.php?rest_route=\/wp\/v2\/types\/page"}],"author":[{"embeddable":true,"href":"https:\/\/wushuontario.ca\/index.php?rest_route=\/wp\/v2\/users\/1"}],"replies":[{"embeddable":true,"href":"https:\/\/wushuontario.ca\/index.php?rest_route=%2Fwp%2Fv2%2Fcomments&post=611"}],"version-history":[{"count":8,"href":"https:\/\/wushuontario.ca\/index.php?rest_route=\/wp\/v2\/pages\/611\/revisions"}],"predecessor-version":[{"id":3397,"href":"https:\/\/wushuontario.ca\/index.php?rest_route=\/wp\/v2\/pages\/611\/revisions\/3397"}],"wp:attachment":[{"href":"https:\/\/wushuontario.ca\/index.php?rest_route=%2Fwp%2Fv2%2Fmedia&parent=611"}],"curies":[{"name":"wp","href":"https:\/\/api.w.org\/{rel}","templated":true}]}}